{"id":35,"date":"2020-04-02T15:22:53","date_gmt":"2020-04-02T15:22:53","guid":{"rendered":"http:\/\/www.atlanticajuegos.com\/juegos\/?page_id=35"},"modified":"2026-02-27T08:03:32","modified_gmt":"2026-02-27T08:03:32","slug":"servicio-de-pintura","status":"publish","type":"page","link":"https:\/\/www.atlanticajuegos.com\/juegos\/servicio-de-pintura\/","title":{"rendered":"Servicio de Pintura"},"content":{"rendered":"<div class=\"et_pb_section_0 et_pb_section et_section_regular et_block_section et_pb_section_parallax section_has_divider et_pb_bottom_divider\" id=\"blog-header\"><span class=\"et-pb-parallax-wrapper\"><span class=\"et-pb-parallax-background et-pb-parallax-background-module--divi-section-0\" style=\"background-image:url(https:\/\/www.atlanticajuegos.com\/juegos\/wp-content\/uploads\/2020\/09\/20200917_17485011-scaled.jpg)\"><\/span><\/span><div class=\"et_pb_row_0 et_pb_row et_block_row et_animated\"><div class=\"et_pb_column_0 et_pb_column et_pb_column_4_4 et-last-child et_block_column et_pb_css_mix_blend_mode_passthrough\"><div class=\"et_pb_text_0 et_pb_text et_pb_bg_layout_dark et_pb_module et_block_module et_pb_text_align_center\"><div class=\"et_pb_text_inner\"><h1>Servicio de Pintura<\/h1>\n<p>Servicio de pintura profesional.<\/p>\n<\/div><\/div><div class=\"et_pb_module et_pb_button_module_wrapper et_pb_button_0_wrapper\"><a class=\"et_pb_button_0 et_pb_button et_pb_bg_layout_light et_pb_module et_block_module\" href=\"\">Subscribe<\/a><\/div><\/div><\/div><div class=\"et_pb_bottom_inside_divider et-no-transition\"><\/div><\/div><div class=\"et_pb_section_1 et_pb_section et_section_regular et_block_section\"><div class=\"et_pb_row_1 et_pb_row et_block_row\"><div class=\"et_pb_column_1 et_pb_column et_pb_column_4_4 et-last-child et_block_column et_pb_css_mix_blend_mode_passthrough\"><div class=\"et_pb_text_1 et_pb_text et_pb_bg_layout_light et_pb_module et_block_module\"><div class=\"et_pb_text_inner\"><p>\u200bEn Atl\u00e1ntica Juegos te ofrecemos, desde 1995, nuestro servicio de pintura de miniaturas profesional; serio, econ\u00f3mico y de gran calidad para que puedas llenar tus vitrinas o coleccionar tus ej\u00e9rcitos preferidos y llevarlos a la batalla.<\/p>\n<p>Pintamos todo tipo de escalas, desde <i><b>miniaturas de wargames<\/b><\/i> de 10, 15 \u00f3 28mm a figuras de colecci\u00f3n de 54, 90 \u00f3 120mm, ya sean <i><b>de fantas\u00eda o hist\u00f3ricas<\/b><\/i>. Tambi\u00e9n estamos especializados en veh\u00edculos y maquetas. Da igual si es un tanque de Warhammer 40K o de Segunda Guerra Mundial, lo pintamos todo.<\/p>\n<p>En Atl\u00e1ntica Juegos tenemos varios pintores trabajando exclusivamente para nosotros, lo que nos permite abordar encargos tanto peque\u00f1os como grandes, de ej\u00e9rcitos completos y cientos de figuras en plazos relativamente cortos.<\/p>\n<p>Como somos especialistas, y contamos con la experiencia de muchos a\u00f1os, podemos aconsejarte sobre uniformes, tipos de unidad, organizar tus ej\u00e9rcitos para el reglamento que quieras o elegirte la mejor marca de figuras para tu proyecto.<\/p>\n<p>Tambi\u00e9n estamos especializados en el <i><b>pintado de juegos de mesa con miniaturas<\/b><\/i>, del tipo Descent, Star Wars: Legion o Zombicide entre otros.<\/p>\n<\/div><\/div><\/div><\/div><div class=\"et_pb_row_2 et_pb_row et_block_row\"><div class=\"et_pb_column_2 et_pb_column et_pb_column_1_2 et_block_column et_pb_css_mix_blend_mode_passthrough\"><div class=\"et_pb_module et_pb_button_module_wrapper et_pb_button_1_wrapper\"><a class=\"et_pb_button_1 et_pb_button et_pb_bg_layout_light et_pb_module et_block_module\" href=\"\/es\/contactenos\">\u00a1P\u00eddenos un presupuesto sin compromiso!<\/a><\/div><\/div><div class=\"et_pb_column_3 et_pb_column et_pb_column_1_2 et-last-child et_block_column et_pb_css_mix_blend_mode_passthrough\"><div class=\"et_pb_image_0 et_pb_image et_pb_module et_block_module\"><span class=\"et_pb_image_wrap\"><img loading=\"lazy\" decoding=\"async\" src=\"https:\/\/www.atlanticajuegos.com\/juegos\/wp-content\/uploads\/2020\/09\/IMG_20190117_195050-scaled.jpg\" width=\"2880\" height=\"2154\" srcset=\"https:\/\/www.atlanticajuegos.com\/juegos\/wp-content\/uploads\/2020\/09\/IMG_20190117_195050-scaled.jpg 2880w, https:\/\/www.atlanticajuegos.com\/juegos\/wp-content\/uploads\/2020\/09\/IMG_20190117_195050-1280x957.jpg 1280w, https:\/\/www.atlanticajuegos.com\/juegos\/wp-content\/uploads\/2020\/09\/IMG_20190117_195050-980x733.jpg 980w, https:\/\/www.atlanticajuegos.com\/juegos\/wp-content\/uploads\/2020\/09\/IMG_20190117_195050-480x359.jpg 480w\" sizes=\"(min-width: 0px) and (max-width: 480px) 480px, (min-width: 481px) and (max-width: 980px) 980px, (min-width: 981px) and (max-width: 1280px) 1280px, (min-width: 1281px) 2880px, 100vw\" class=\"wp-image-183\" title=\"IMG_20190117_195050\" \/><\/span><\/div><\/div><\/div><div class=\"et_pb_row_3 et_pb_row et_block_row\"><div class=\"et_pb_column_4 et_pb_column et_pb_column_1_3 et_block_column et_pb_css_mix_blend_mode_passthrough\"><div class=\"et_pb_gallery_0 et_pb_gallery et_pb_bg_layout_light et_pb_gallery_grid et_pb_module\" data-auto-rotate=\"off\" data-auto-rotate-speed=\"\"><div class=\"et_pb_gallery_items et_post_gallery clearfix et_grid_module\" data-per_page=\"4\"><div class=\"et_pb_gallery_item et_pb_grid_item et_pb_gallery_item_0_0\"><div class=\"et_pb_gallery_image landscape\" data-per_page=\"4\"><a href=\"https:\/\/www.atlanticajuegos.com\/juegos\/wp-content\/uploads\/2020\/09\/20200917_183952-scaled.jpg\" title=\"20200917_183952\"><img loading=\"lazy\" decoding=\"async\" width=\"400\" height=\"284\" src=\"https:\/\/www.atlanticajuegos.com\/juegos\/wp-content\/uploads\/2020\/09\/20200917_183952-400x284.jpg\" alt=\"\" class=\"wp-image-193\" srcset=\"https:\/\/www.atlanticajuegos.com\/juegos\/wp-content\/uploads\/2020\/09\/20200917_183952-scaled.jpg 479w, https:\/\/www.atlanticajuegos.com\/juegos\/wp-content\/uploads\/2020\/09\/20200917_183952-400x284.jpg 480w\" sizes=\"(max-width:479px) 479px, 100vw\" \/><span class=\"et_overlay\" data-icon=\"\" data-icon-tablet=\"\" data-icon-phone=\"\"><\/span><\/a><\/div><h3 class=\"et_pb_gallery_title\">20200917_183952<\/h3><\/div><div class=\"et_pb_gallery_item et_pb_grid_item et_pb_gallery_item_0_1\"><div class=\"et_pb_gallery_image landscape\" data-per_page=\"4\"><a href=\"https:\/\/www.atlanticajuegos.com\/juegos\/wp-content\/uploads\/2020\/09\/20200917_184125-scaled.jpg\" title=\"20200917_184125\"><img loading=\"lazy\" decoding=\"async\" width=\"400\" height=\"284\" src=\"https:\/\/www.atlanticajuegos.com\/juegos\/wp-content\/uploads\/2020\/09\/20200917_184125-400x284.jpg\" alt=\"\" class=\"wp-image-197\" srcset=\"https:\/\/www.atlanticajuegos.com\/juegos\/wp-content\/uploads\/2020\/09\/20200917_184125-scaled.jpg 479w, https:\/\/www.atlanticajuegos.com\/juegos\/wp-content\/uploads\/2020\/09\/20200917_184125-400x284.jpg 480w\" sizes=\"(max-width:479px) 479px, 100vw\" \/><span class=\"et_overlay\" data-icon=\"\" data-icon-tablet=\"\" data-icon-phone=\"\"><\/span><\/a><\/div><h3 class=\"et_pb_gallery_title\">20200917_184125<\/h3><\/div><div class=\"et_pb_gallery_item et_pb_grid_item et_pb_gallery_item_0_2\"><div class=\"et_pb_gallery_image landscape\" data-per_page=\"4\"><a href=\"https:\/\/www.atlanticajuegos.com\/juegos\/wp-content\/uploads\/2020\/09\/20200917_1748502-scaled.jpg\" title=\"20200917_174850(2)\"><img loading=\"lazy\" decoding=\"async\" width=\"400\" height=\"284\" src=\"https:\/\/www.atlanticajuegos.com\/juegos\/wp-content\/uploads\/2020\/09\/20200917_1748502-400x284.jpg\" alt=\"\" class=\"wp-image-198\" srcset=\"https:\/\/www.atlanticajuegos.com\/juegos\/wp-content\/uploads\/2020\/09\/20200917_1748502-scaled.jpg 479w, https:\/\/www.atlanticajuegos.com\/juegos\/wp-content\/uploads\/2020\/09\/20200917_1748502-400x284.jpg 480w\" sizes=\"(max-width:479px) 479px, 100vw\" \/><span class=\"et_overlay\" data-icon=\"\" data-icon-tablet=\"\" data-icon-phone=\"\"><\/span><\/a><\/div><h3 class=\"et_pb_gallery_title\">20200917_174850(2)<\/h3><\/div><\/div><div class=\"et_pb_gallery_pagination\"><\/div><\/div><\/div><div class=\"et_pb_column_5 et_pb_column et_pb_column_1_3 et_block_column et_pb_css_mix_blend_mode_passthrough\"><div class=\"et_pb_gallery_1 et_pb_gallery et_pb_bg_layout_dark et_pb_gallery_grid et_pb_module\" data-auto-rotate=\"off\" data-auto-rotate-speed=\"\"><div class=\"et_pb_gallery_items et_post_gallery clearfix et_grid_module\" data-per_page=\"4\"><div class=\"et_pb_gallery_item et_pb_grid_item et_pb_gallery_item_1_0\"><div class=\"et_pb_gallery_image landscape\" data-per_page=\"4\"><a href=\"https:\/\/www.atlanticajuegos.com\/juegos\/wp-content\/uploads\/2020\/09\/20200917_184041.jpg\" title=\"20200917_184041\"><img loading=\"lazy\" decoding=\"async\" width=\"400\" height=\"284\" src=\"https:\/\/www.atlanticajuegos.com\/juegos\/wp-content\/uploads\/2020\/09\/20200917_184041-400x284.jpg\" alt=\"\" class=\"wp-image-200\" srcset=\"https:\/\/www.atlanticajuegos.com\/juegos\/wp-content\/uploads\/2020\/09\/20200917_184041.jpg 479w, https:\/\/www.atlanticajuegos.com\/juegos\/wp-content\/uploads\/2020\/09\/20200917_184041-400x284.jpg 480w\" sizes=\"(max-width:479px) 479px, 100vw\" \/><span class=\"et_overlay\" data-icon=\"\" data-icon-tablet=\"\" data-icon-phone=\"\"><\/span><\/a><\/div><h3 class=\"et_pb_gallery_title\">20200917_184041<\/h3><\/div><div class=\"et_pb_gallery_item et_pb_grid_item et_pb_gallery_item_1_1\"><div class=\"et_pb_gallery_image landscape\" data-per_page=\"4\"><a href=\"https:\/\/www.atlanticajuegos.com\/juegos\/wp-content\/uploads\/2020\/09\/20200917_184025.jpg\" title=\"20200917_184025\"><img loading=\"lazy\" decoding=\"async\" width=\"400\" height=\"284\" src=\"https:\/\/www.atlanticajuegos.com\/juegos\/wp-content\/uploads\/2020\/09\/20200917_184025-400x284.jpg\" alt=\"\" class=\"wp-image-196\" srcset=\"https:\/\/www.atlanticajuegos.com\/juegos\/wp-content\/uploads\/2020\/09\/20200917_184025.jpg 479w, https:\/\/www.atlanticajuegos.com\/juegos\/wp-content\/uploads\/2020\/09\/20200917_184025-400x284.jpg 480w\" sizes=\"(max-width:479px) 479px, 100vw\" \/><span class=\"et_overlay\" data-icon=\"\" data-icon-tablet=\"\" data-icon-phone=\"\"><\/span><\/a><\/div><h3 class=\"et_pb_gallery_title\">20200917_184025<\/h3><\/div><div class=\"et_pb_gallery_item et_pb_grid_item et_pb_gallery_item_1_2\"><div class=\"et_pb_gallery_image landscape\" data-per_page=\"4\"><a href=\"https:\/\/www.atlanticajuegos.com\/juegos\/wp-content\/uploads\/2020\/09\/20200917_184009-scaled.jpg\" title=\"20200917_184009\"><img loading=\"lazy\" decoding=\"async\" width=\"400\" height=\"284\" src=\"https:\/\/www.atlanticajuegos.com\/juegos\/wp-content\/uploads\/2020\/09\/20200917_184009-400x284.jpg\" alt=\"\" class=\"wp-image-195\" srcset=\"https:\/\/www.atlanticajuegos.com\/juegos\/wp-content\/uploads\/2020\/09\/20200917_184009-scaled.jpg 479w, https:\/\/www.atlanticajuegos.com\/juegos\/wp-content\/uploads\/2020\/09\/20200917_184009-400x284.jpg 480w\" sizes=\"(max-width:479px) 479px, 100vw\" \/><span class=\"et_overlay\" data-icon=\"\" data-icon-tablet=\"\" data-icon-phone=\"\"><\/span><\/a><\/div><h3 class=\"et_pb_gallery_title\">20200917_184009<\/h3><\/div><div class=\"et_pb_gallery_item et_pb_grid_item et_pb_gallery_item_1_3\"><div class=\"et_pb_gallery_image landscape\" data-per_page=\"4\"><a href=\"https:\/\/www.atlanticajuegos.com\/juegos\/wp-content\/uploads\/2020\/09\/20200917_184144-scaled.jpg\" title=\"20200917_184144\"><img loading=\"lazy\" decoding=\"async\" width=\"400\" height=\"284\" src=\"https:\/\/www.atlanticajuegos.com\/juegos\/wp-content\/uploads\/2020\/09\/20200917_184144-400x284.jpg\" alt=\"\" class=\"wp-image-194\" srcset=\"https:\/\/www.atlanticajuegos.com\/juegos\/wp-content\/uploads\/2020\/09\/20200917_184144-scaled.jpg 479w, https:\/\/www.atlanticajuegos.com\/juegos\/wp-content\/uploads\/2020\/09\/20200917_184144-400x284.jpg 480w\" sizes=\"(max-width:479px) 479px, 100vw\" \/><span class=\"et_overlay\" data-icon=\"\" data-icon-tablet=\"\" data-icon-phone=\"\"><\/span><\/a><\/div><h3 class=\"et_pb_gallery_title\">20200917_184144<\/h3><\/div><\/div><div class=\"et_pb_gallery_pagination\"><\/div><\/div><\/div><div class=\"et_pb_column_6 et_pb_column et_pb_column_1_3 et-last-child et_block_column et_pb_css_mix_blend_mode_passthrough\"><div class=\"et_pb_gallery_2 et_pb_gallery et_pb_bg_layout_light et_pb_gallery_grid et_pb_module\" data-auto-rotate=\"off\" data-auto-rotate-speed=\"\"><div class=\"et_pb_gallery_items et_post_gallery clearfix et_grid_module\" data-per_page=\"4\"><div class=\"et_pb_gallery_item et_pb_grid_item et_pb_gallery_item_2_0\"><div class=\"et_pb_gallery_image landscape\" data-per_page=\"4\"><a href=\"https:\/\/www.atlanticajuegos.com\/juegos\/wp-content\/uploads\/2020\/09\/20200917_183843.jpg\" title=\"20200917_183843\"><img loading=\"lazy\" decoding=\"async\" width=\"400\" height=\"284\" src=\"https:\/\/www.atlanticajuegos.com\/juegos\/wp-content\/uploads\/2020\/09\/20200917_183843-400x284.jpg\" alt=\"\" class=\"wp-image-201\" srcset=\"https:\/\/www.atlanticajuegos.com\/juegos\/wp-content\/uploads\/2020\/09\/20200917_183843.jpg 479w, https:\/\/www.atlanticajuegos.com\/juegos\/wp-content\/uploads\/2020\/09\/20200917_183843-400x284.jpg 480w\" sizes=\"(max-width:479px) 479px, 100vw\" \/><span class=\"et_overlay\" data-icon=\"\" data-icon-tablet=\"\" data-icon-phone=\"\"><\/span><\/a><\/div><h3 class=\"et_pb_gallery_title\">20200917_183843<\/h3><\/div><div class=\"et_pb_gallery_item et_pb_grid_item et_pb_gallery_item_2_1\"><div class=\"et_pb_gallery_image landscape\" data-per_page=\"4\"><a href=\"https:\/\/www.atlanticajuegos.com\/juegos\/wp-content\/uploads\/2020\/09\/20200917_184109-scaled.jpg\" title=\"20200917_184109\"><img loading=\"lazy\" decoding=\"async\" width=\"400\" height=\"284\" src=\"https:\/\/www.atlanticajuegos.com\/juegos\/wp-content\/uploads\/2020\/09\/20200917_184109-400x284.jpg\" alt=\"\" class=\"wp-image-199\" srcset=\"https:\/\/www.atlanticajuegos.com\/juegos\/wp-content\/uploads\/2020\/09\/20200917_184109-scaled.jpg 479w, https:\/\/www.atlanticajuegos.com\/juegos\/wp-content\/uploads\/2020\/09\/20200917_184109-400x284.jpg 480w\" sizes=\"(max-width:479px) 479px, 100vw\" \/><span class=\"et_overlay\" data-icon=\"\" data-icon-tablet=\"\" data-icon-phone=\"\"><\/span><\/a><\/div><h3 class=\"et_pb_gallery_title\">20200917_184109<\/h3><\/div><\/div><div class=\"et_pb_gallery_pagination\"><\/div><\/div><\/div><\/div><\/div>","protected":false},"excerpt":{"rendered":"","protected":false},"author":1,"featured_media":0,"parent":0,"menu_order":0,"comment_status":"closed","ping_status":"closed","template":"","meta":{"footnotes":""},"class_list":["post-35","page","type-page","status-publish","hentry"],"_links":{"self":[{"href":"https:\/\/www.atlanticajuegos.com\/juegos\/wp-json\/wp\/v2\/pages\/35","targetHints":{"allow":["GET"]}}],"collection":[{"href":"https:\/\/www.atlanticajuegos.com\/juegos\/wp-json\/wp\/v2\/pages"}],"about":[{"href":"https:\/\/www.atlanticajuegos.com\/juegos\/wp-json\/wp\/v2\/types\/page"}],"author":[{"embeddable":true,"href":"https:\/\/www.atlanticajuegos.com\/juegos\/wp-json\/wp\/v2\/users\/1"}],"replies":[{"embeddable":true,"href":"https:\/\/www.atlanticajuegos.com\/juegos\/wp-json\/wp\/v2\/comments?post=35"}],"version-history":[{"count":8,"href":"https:\/\/www.atlanticajuegos.com\/juegos\/wp-json\/wp\/v2\/pages\/35\/revisions"}],"predecessor-version":[{"id":3371,"href":"https:\/\/www.atlanticajuegos.com\/juegos\/wp-json\/wp\/v2\/pages\/35\/revisions\/3371"}],"wp:attachment":[{"href":"https:\/\/www.atlanticajuegos.com\/juegos\/wp-json\/wp\/v2\/media?parent=35"}],"curies":[{"name":"wp","href":"https:\/\/api.w.org\/{rel}","templated":true}]}}